{"id":1538,"date":"2022-02-24T14:11:37","date_gmt":"2022-02-24T14:11:37","guid":{"rendered":"https:\/\/roboaquaria-project.eu\/about\/"},"modified":"2023-08-16T13:16:17","modified_gmt":"2023-08-16T13:16:17","slug":"about","status":"publish","type":"page","link":"https:\/\/roboaquaria-project.eu\/hr\/about\/","title":{"rendered":"O nama"},"content":{"rendered":"<p><a href=\"https:\/\/roboaquaria-project.eu\/hr\/\"><img decoding=\"async\" src=\"\/wp-content\/uploads\/2023\/05\/logo-hero.svg\" alt=\"\"><\/a><br \/>\n<img decoding=\"async\" src=\"\/wp-content\/uploads\/2023\/05\/bg-about.svg\" alt=\"\"><\/p>\n<div>\n<div class=\"about-button\"><span>O NAMA<\/span><\/div>\n<div class=\"projov-div\">PREGLED PROJEKTA<\/div>\n<\/div>\n<div>\n<p><span>Ocean apsorbira oko 30% uglji\u010dnog dioksida koji se ispu\u0161ta u atmosferu izgaranjem fosilnih goriva. Kao rezultat toga, on postaje kiseliji, \u0161to utje\u010de na \u017eivot u moru. Porast razine mora zbog toplinskog \u0161irenja i otapanja kopnenih ledenih plo\u010da i ledenjaka izla\u017ee obalna podru\u010dja ve\u0107em riziku od erozije i olujnih valova. Projekt RoboAquaria, u skladu s horizontalnim prioritetom \u201eOkoli\u0161 i borba protiv klimatskih promjena\u201c, ima za cilj podizanje svijesti o izazovima okoli\u0161a i klimatskih promjena u vezi s morskim okoli\u0161em.<\/span><\/p>\n<p><span>Projekt je tako\u0111er u skladu s prioritetom \u201eRje\u0161avanje digitalne transformacije kroz razvoj digitalne spremnosti, otpornosti i kapaciteta\u201d. <\/span><span>Zbog zahtjeva koji proizlaze iz pandemije COVID-19 i razdoblja nakon pandemije, projektom \u0107e se pove\u0107ati kapacitet i spremnost osnovnih i srednjih \u0161kola da se u\u010dinkovito podvrgnu digitalnoj transformaciji, promi\u010du\u0107i pedago\u0161ku uporabu obrazovne robotike.<\/span><\/p>\n<\/div>\n<p><img decoding=\"async\" src=\"\/wp-content\/uploads\/2023\/05\/bg-about.svg\" alt=\"\"><\/p>\n<div>\n<div class=\"aim-div\">GLAVNI CILJ <\/div>\n<\/div>\n<div>\n<p>Projekt RoboAquaria bavit \u0107e se klimatskom krizom i poticati u\u010denike na odgovorno pona\u0161anje prema okoli\u0161u uz kori\u0161tenje robotskog akvarija.<\/p>\n<\/div>\n<p><img decoding=\"async\" src=\"\/wp-content\/uploads\/2023\/05\/aim-svg-1.svg\" alt=\"\"><br \/>\n<img decoding=\"async\" src=\"\/wp-content\/uploads\/2023\/05\/bg-objectives-1.svg\" alt=\"\"><\/p>\n<div>\n<div class=\"aim-div obj-div\">CILJEVI<\/div>\n<\/div>\n<div>\n<ul>\n<li>\n<p><span>izgraditi digitalne i\u00a0 STEM vje\u0161tine te razviti odgovorno pona\u0161anje prema okoli\u0161u potrebno u\u010diteljima osnovnih i srednjih \u0161kola za integraciju pedago\u0161kih metoda i tehnologija u \u0161kolske programe.<\/span><\/p>\n<\/li>\n<li>\n<p><span>\u00a0uklju\u010diti u\u010denike osnovnih i srednjih \u0161kola u prakti\u010dne STEAM aktivnosti i uklju\u010diti robotiku i kodiranje kako bi potaknuli njihovu digitalnu pismenost i pobolj\u0161ali svoje samopouzdanje i samopo\u0161tovanje u STEM-u.<\/span><\/p>\n<\/li>\n<\/ul>\n<\/div>\n<p><img decoding=\"async\" src=\"\/wp-content\/uploads\/2023\/05\/obje.svg\" alt=\"\"><\/p>\n<div>\n<div class=\"aim-div res-div\">IZVORI<\/div>\n<\/div>\n<div>\n<p><b>Metodolo\u0161ki okvir za provedbu pilot testiranja, Smjernice za nastavnike i vrednovanje<\/b><br \/>Izvje\u0161\u0107e temeljeno na izradi pedago\u0161kih pristupa koji se mogu koristiti za razvoj odgovornog pona\u0161anja u\u010denika prema okoli\u0161u, pilot istra\u017eivanja za testiranje valjanosti RoboAquarije i najbolje prakse interdisciplinarne nastave u RoboAquaria okru\u017eenju, uklju\u010duju\u0107i metodologiju i alate za ocjenjivanje.<\/p>\n<p><b>RoboAquaria Toolkit i teme lekcija<\/b><br \/>Smjernice za usmjeravanje edukatora o tome kako izgraditi RoboAquarium i implementirati obrazovni kurikulum koji uklju\u010duje robotiku i zelene vje\u0161tine.<\/p>\n<p><b>Alat za e-u\u010denje i (OERs) planovi lekcija<\/b><br \/>Pedago\u0161ki materijal s alatima pro\u0161irene stvarnosti za edukaciju i podr\u0161ku edukatorima u provedbi kurikuluma RoboAquaria i obrazovne robotike za STEAM i pomorsko obrazovanje. <\/p>\n<p><b>Komunikacija, diseminacija, iskori\u0161tavanje, preporuke politika<\/b><br \/><span>nekoliko diseminacijskih inicijativa za promoviranje rezultata projekta, uz Izvje\u0161\u0107e o\u00a0<\/span>Preporukama politika ste\u010denih iskustava, dobrih primjera i praksi, izazova i preporuka politika.<\/p>\n<\/div>\n<p><img decoding=\"async\" src=\"\/wp-content\/uploads\/2023\/05\/resourc.svg\" alt=\"\"><\/p>\n<p><!--more--><br \/>\n<!-- {\"type\":\"layout\",\"children\":[{\"type\":\"section\",\"props\":{\"class\":\"sec-blue uk-position-relative\",\"header_transparent\":\"dark\",\"header_transparent_noplaceholder\":true,\"image_position\":\"center-center\",\"padding_remove_bottom\":false,\"padding_remove_top\":true,\"style\":\"default\",\"title_breakpoint\":\"xl\",\"title_position\":\"top-left\",\"title_rotation\":\"left\",\"vertical_align\":\"middle\",\"width\":\"\"},\"children\":[{\"type\":\"row\",\"children\":[{\"type\":\"column\",\"props\":{\"image_position\":\"center-center\",\"media_overlay_gradient\":\"\",\"position_sticky_breakpoint\":\"m\"},\"children\":[{\"type\":\"image\",\"props\":{\"class\":\"robo-head-other \",\"image\":\"wp-content\\\/uploads\\\/2023\\\/05\\\/logo-hero.svg\",\"image_svg_color\":\"emphasis\",\"link\":\"https:\\\/\\\/roboaquaria-project.eu\\\/hr\\\/\",\"margin\":\"default\",\"text_align\":\"center\"}},{\"type\":\"image\",\"props\":{\"class\":\"bg-about\",\"image\":\"wp-content\\\/uploads\\\/2023\\\/05\\\/bg-about.svg\",\"image_svg_color\":\"emphasis\",\"margin\":\"default\"}}]}]}]},{\"type\":\"section\",\"props\":{\"class\":\"sec-dblue uk-position-relative\",\"image_position\":\"center-center\",\"padding_remove_bottom\":false,\"padding_remove_top\":false,\"style\":\"default\",\"title_breakpoint\":\"xl\",\"title_position\":\"top-left\",\"title_rotation\":\"left\",\"vertical_align\":\"middle\",\"width\":\"\"},\"children\":[{\"type\":\"row\",\"props\":{\"width\":\"default\"},\"children\":[{\"type\":\"column\",\"props\":{\"image_position\":\"center-center\",\"media_overlay_gradient\":\"\",\"position_sticky_breakpoint\":\"m\"},\"children\":[{\"type\":\"text\",\"props\":{\"column_breakpoint\":\"m\",\"content\":\"\n\n<div class=\\\"about-button\\\"><span>O NAMA<\\\/span><\\\/div>\\n\n\n<div class=\\\"projov-div\\\">PREGLED PROJEKTA<\\\/div>\",\"margin\":\"default\",\"text_align\":\"center\"}},{\"type\":\"text\",\"props\":{\"class\":\"text-about\",\"column_breakpoint\":\"m\",\"content\":\"\n\n<p><span>Ocean apsorbira oko 30% uglji\\u010dnog dioksida koji se ispu\\u0161ta u atmosferu izgaranjem fosilnih goriva. Kao rezultat toga, on postaje kiseliji, \\u0161to utje\\u010de na \\u017eivot u moru. Porast razine mora zbog toplinskog \\u0161irenja i otapanja kopnenih ledenih plo\\u010da i ledenjaka izla\\u017ee obalna podru\\u010dja ve\\u0107em riziku od erozije i olujnih valova. Projekt RoboAquaria, u skladu s horizontalnim prioritetom \\u201eOkoli\\u0161 i borba protiv klimatskih promjena\\u201c, ima za cilj podizanje svijesti o izazovima okoli\\u0161a i klimatskih promjena u vezi s morskim okoli\\u0161em.<\\\/span><\\\/p>\\n\n\n<p><span>Projekt je tako\\u0111er u skladu s prioritetom \\u201eRje\\u0161avanje digitalne transformacije kroz razvoj digitalne spremnosti, otpornosti i kapaciteta\\u201d. <\\\/span><span>Zbog zahtjeva koji proizlaze iz pandemije COVID-19 i razdoblja nakon pandemije, projektom \\u0107e se pove\\u0107ati kapacitet i spremnost osnovnih i srednjih \\u0161kola da se u\\u010dinkovito podvrgnu digitalnoj transformaciji, promi\\u010du\\u0107i pedago\\u0161ku uporabu obrazovne robotike.<\\\/span><\\\/p>\",\"margin\":\"default\",\"text_align\":\"center\"}}]}]},{\"type\":\"row\",\"children\":[{\"type\":\"column\",\"props\":{\"image_position\":\"center-center\",\"media_overlay_gradient\":\"\",\"position_sticky_breakpoint\":\"m\"},\"children\":[{\"type\":\"image\",\"props\":{\"class\":\"proj- bg\",\"image\":\"wp-content\\\/uploads\\\/2023\\\/05\\\/bg-about.svg\",\"image_svg_color\":\"emphasis\",\"margin\":\"default\",\"margin_remove_bottom\":true}},{\"type\":\"text\",\"props\":{\"column_breakpoint\":\"m\",\"content\":\"\n\n<div class=\\\"aim-div\\\">GLAVNI CILJ <\\\/div>\",\"margin\":\"default\",\"margin_remove_top\":false,\"text_align\":\"center\"}}]}]},{\"type\":\"row\",\"props\":{\"layout\":\"2-3,1-3\",\"margin_remove_top\":true,\"width\":\"default\"},\"children\":[{\"type\":\"column\",\"props\":{\"image_position\":\"center-center\",\"media_overlay_gradient\":\"\",\"position_sticky_breakpoint\":\"m\",\"vertical_align\":\"middle\",\"width_medium\":\"2-3\"},\"children\":[{\"type\":\"text\",\"props\":{\"class\":\"text-about aim-t\",\"column_breakpoint\":\"m\",\"content\":\"\n\n<p>Projekt RoboAquaria bavit \\u0107e se klimatskom krizom i poticati u\\u010denike na odgovorno pona\\u0161anje prema okoli\\u0161u uz kori\\u0161tenje robotskog akvarija.<\\\/p>\",\"margin\":\"default\",\"text_align\":\"left\"}}]},{\"type\":\"column\",\"props\":{\"image_position\":\"center-center\",\"media_overlay_gradient\":\"\",\"position_sticky_breakpoint\":\"m\",\"width_medium\":\"1-3\"},\"children\":[{\"type\":\"image\",\"props\":{\"image\":\"wp-content\\\/uploads\\\/2023\\\/05\\\/aim-svg-1.svg\",\"image_svg_color\":\"emphasis\",\"margin\":\"default\",\"position\":\"relative\",\"position_z_index\":\"3\",\"text_align\":\"center\"}}]}]}]},{\"type\":\"section\",\"props\":{\"css\":\".el-section{\\n    background-color:#a8cddd ;\\nposition:relative;}\",\"image_position\":\"center-center\",\"style\":\"default\",\"title_breakpoint\":\"xl\",\"title_position\":\"top-left\",\"title_rotation\":\"left\",\"vertical_align\":\"middle\",\"width\":\"default\"},\"children\":[{\"type\":\"row\",\"children\":[{\"type\":\"column\",\"props\":{\"image_position\":\"center-center\",\"media_overlay_gradient\":\"\",\"position_sticky_breakpoint\":\"m\"},\"children\":[{\"type\":\"image\",\"props\":{\"class\":\"bg-obj\",\"image\":\"wp-content\\\/uploads\\\/2023\\\/05\\\/bg-objectives-1.svg\",\"image_svg_color\":\"emphasis\",\"margin\":\"default\",\"margin_remove_bottom\":true}},{\"type\":\"text\",\"props\":{\"column_breakpoint\":\"m\",\"content\":\"\n\n<div class=\\\"aim-div obj-div\\\">CILJEVI<\\\/div>\",\"margin\":\"default\",\"margin_remove_top\":false,\"text_align\":\"center\"}}]}]},{\"type\":\"row\",\"props\":{\"layout\":\"2-3,1-3\",\"margin_remove_top\":true,\"width\":\"default\"},\"children\":[{\"type\":\"column\",\"props\":{\"image_position\":\"center-center\",\"media_overlay_gradient\":\"\",\"position_sticky_breakpoint\":\"m\",\"vertical_align\":\"middle\",\"width_medium\":\"2-3\"},\"children\":[{\"type\":\"text\",\"props\":{\"class\":\"text-about aim-t\",\"column_breakpoint\":\"m\",\"content\":\"\n\n<ul>\\n\n\n<li>\\n\n\n<p><span>izgraditi digitalne i\\u00a0 STEM vje\\u0161tine te razviti odgovorno pona\\u0161anje prema okoli\\u0161u potrebno u\\u010diteljima osnovnih i srednjih \\u0161kola za integraciju pedago\\u0161kih metoda i tehnologija u \\u0161kolske programe.<\\\/span><\\\/p>\\n<\\\/li>\\n\n\n<li>\\n\n\n<p><span>\\u00a0uklju\\u010diti u\\u010denike osnovnih i srednjih \\u0161kola u prakti\\u010dne STEAM aktivnosti i uklju\\u010diti robotiku i kodiranje kako bi potaknuli njihovu digitalnu pismenost i pobolj\\u0161ali svoje samopouzdanje i samopo\\u0161tovanje u STEM-u.<\\\/span><\\\/p>\\n<\\\/li>\\n<\\\/ul>\",\"margin\":\"default\",\"text_align\":\"left\"}}]},{\"type\":\"column\",\"props\":{\"image_position\":\"center-center\",\"media_overlay_gradient\":\"\",\"position_sticky_breakpoint\":\"m\",\"width_medium\":\"1-3\"},\"children\":[{\"type\":\"image\",\"props\":{\"image\":\"wp-content\\\/uploads\\\/2023\\\/05\\\/obje.svg\",\"image_svg_color\":\"emphasis\",\"margin\":\"default\",\"position\":\"relative\",\"position_z_index\":\"3\",\"text_align\":\"center\"}}]}]},{\"type\":\"row\",\"children\":[{\"type\":\"column\",\"props\":{\"image_position\":\"center-center\",\"media_overlay_gradient\":\"\",\"position_sticky_breakpoint\":\"m\"},\"children\":[{\"type\":\"text\",\"props\":{\"column_breakpoint\":\"m\",\"content\":\"\n\n<div class=\\\"aim-div res-div\\\">IZVORI<\\\/div>\",\"margin\":\"default\",\"margin_remove_top\":false,\"text_align\":\"center\"}}]}],\"props\":{\"css\":\".el-row {\\n    margin-top:80px;\\nmargin-bottom:40px;}\"}},{\"type\":\"row\",\"props\":{\"layout\":\"2-3,1-3\",\"margin_remove_top\":true,\"width\":\"default\"},\"children\":[{\"type\":\"column\",\"props\":{\"image_position\":\"center-center\",\"media_overlay_gradient\":\"\",\"position_sticky_breakpoint\":\"m\",\"vertical_align\":\"middle\",\"width_medium\":\"2-3\"},\"children\":[{\"type\":\"text\",\"props\":{\"class\":\"text-about aim-t\",\"column_breakpoint\":\"m\",\"content\":\"\n\n<p><b>Metodolo\\u0161ki okvir za provedbu pilot testiranja, Smjernice za nastavnike i vrednovanje<\\\/b><br \\\/>Izvje\\u0161\\u0107e temeljeno na izradi pedago\\u0161kih pristupa koji se mogu koristiti za razvoj odgovornog pona\\u0161anja u\\u010denika prema okoli\\u0161u, pilot istra\\u017eivanja za testiranje valjanosti RoboAquarije i najbolje prakse interdisciplinarne nastave u RoboAquaria okru\\u017eenju, uklju\\u010duju\\u0107i metodologiju i alate za ocjenjivanje.<br \\\/><br \\\/><\\\/p>\\n\n\n<p><b>RoboAquaria Toolkit i teme lekcija<\\\/b><br \\\/>Smjernice za usmjeravanje edukatora o tome kako izgraditi RoboAquarium i implementirati obrazovni kurikulum koji uklju\\u010duje robotiku i zelene vje\\u0161tine.<br \\\/><br \\\/><\\\/p>\\n\n\n<p><b>Alat za e-u\\u010denje i (OERs) planovi lekcija<\\\/b><br \\\/>Pedago\\u0161ki materijal s alatima pro\\u0161irene stvarnosti za edukaciju i podr\\u0161ku edukatorima u provedbi kurikuluma RoboAquaria i obrazovne robotike za STEAM i pomorsko obrazovanje. <br \\\/><br \\\/><\\\/p>\\n\n\n<p><b>Komunikacija, diseminacija, iskori\\u0161tavanje, preporuke politika<\\\/b><br \\\/><span>nekoliko diseminacijskih inicijativa za promoviranje rezultata projekta, uz Izvje\\u0161\\u0107e o\\u00a0<\\\/span>Preporukama politika ste\\u010denih iskustava, dobrih primjera i praksi, izazova i preporuka politika.<\\\/p>\",\"margin\":\"default\",\"text_align\":\"left\"}}]},{\"type\":\"column\",\"props\":{\"image_position\":\"center-center\",\"media_overlay_gradient\":\"\",\"position_sticky_breakpoint\":\"m\",\"width_medium\":\"1-3\"},\"children\":[{\"type\":\"image\",\"props\":{\"image\":\"wp-content\\\/uploads\\\/2023\\\/05\\\/resourc.svg\",\"image_svg_color\":\"emphasis\",\"margin\":\"default\",\"position\":\"relative\",\"position_z_index\":\"3\",\"text_align\":\"center\"}}]}]}]}],\"version\":\"3.0.31\"} --><\/p>\n","protected":false},"excerpt":{"rendered":"<p>O NAMA PREGLED PROJEKTA Ocean apsorbira oko 30% uglji\u010dnog dioksida koji se ispu\u0161ta u atmosferu izgaranjem fosilnih goriva. Kao rezultat toga, on postaje kiseliji, \u0161to..<\/p>\n","protected":false},"author":1,"featured_media":0,"parent":0,"menu_order":0,"comment_status":"closed","ping_status":"closed","template":"","meta":{"_acf_changed":false,"inline_featured_image":false,"footnotes":""},"class_list":["post-1538","page","type-page","status-publish","hentry"],"acf":[],"_links":{"self":[{"href":"https:\/\/roboaquaria-project.eu\/hr\/wp-json\/wp\/v2\/pages\/1538","targetHints":{"allow":["GET"]}}],"collection":[{"href":"https:\/\/roboaquaria-project.eu\/hr\/wp-json\/wp\/v2\/pages"}],"about":[{"href":"https:\/\/roboaquaria-project.eu\/hr\/wp-json\/wp\/v2\/types\/page"}],"author":[{"embeddable":true,"href":"https:\/\/roboaquaria-project.eu\/hr\/wp-json\/wp\/v2\/users\/1"}],"replies":[{"embeddable":true,"href":"https:\/\/roboaquaria-project.eu\/hr\/wp-json\/wp\/v2\/comments?post=1538"}],"version-history":[{"count":9,"href":"https:\/\/roboaquaria-project.eu\/hr\/wp-json\/wp\/v2\/pages\/1538\/revisions"}],"predecessor-version":[{"id":1717,"href":"https:\/\/roboaquaria-project.eu\/hr\/wp-json\/wp\/v2\/pages\/1538\/revisions\/1717"}],"wp:attachment":[{"href":"https:\/\/roboaquaria-project.eu\/hr\/wp-json\/wp\/v2\/media?parent=1538"}],"curies":[{"name":"wp","href":"https:\/\/api.w.org\/{rel}","templated":true}]}}