{"id":1571,"date":"2022-02-24T14:11:37","date_gmt":"2022-02-24T14:11:37","guid":{"rendered":"https:\/\/roboaquaria-project.eu\/elearning\/"},"modified":"2023-08-16T13:16:40","modified_gmt":"2023-08-16T13:16:40","slug":"elearning","status":"publish","type":"page","link":"https:\/\/roboaquaria-project.eu\/hr\/elearning\/","title":{"rendered":"E-u\u010denje"},"content":{"rendered":"<p><a href=\"https:\/\/roboaquaria-project.eu\/hr\/\"><img decoding=\"async\" src=\"\/wp-content\/uploads\/2023\/05\/logo-hero.svg\" alt=\"\"><\/a><br \/>\n<img decoding=\"async\" src=\"\/wp-content\/uploads\/2023\/05\/bg-about.svg\" alt=\"\"><\/p>\n<div>\n<div class=\"uk-flex uk-flex-center\">\n<div class=\"elearning-button elearn-page-c\" href=\"\/e-learning\">E-U\u010cENJE<\/div>\n<\/div>\n<\/div>\n<div>\n<div class=\"uk-text-primary\">Okru\u017eenje za e-u\u010denje nudi projektni materijal i pru\u017ea pristup \u010dlanovima, mogu\u0107nost umre\u017eavanja itd.<\/div>\n<\/div>\n<h1>USKORO<\/h1>\n<p><!--more--><br \/>\n<!-- {\"type\":\"layout\",\"children\":[{\"type\":\"section\",\"props\":{\"class\":\"sec-blue uk-position-relative\",\"header_transparent\":\"dark\",\"header_transparent_noplaceholder\":true,\"image_position\":\"center-center\",\"padding\":\"large\",\"padding_remove_bottom\":false,\"padding_remove_top\":true,\"style\":\"default\",\"title_breakpoint\":\"xl\",\"title_position\":\"top-left\",\"title_rotation\":\"left\",\"vertical_align\":\"middle\",\"width\":\"\"},\"children\":[{\"type\":\"row\",\"children\":[{\"type\":\"column\",\"props\":{\"image_position\":\"center-center\",\"media_overlay_gradient\":\"\",\"position_sticky_breakpoint\":\"m\"},\"children\":[{\"type\":\"image\",\"props\":{\"class\":\"robo-head-other\",\"image\":\"wp-content\\\/uploads\\\/2023\\\/05\\\/logo-hero.svg\",\"image_svg_color\":\"emphasis\",\"link\":\"https:\\\/\\\/roboaquaria-project.eu\\\/hr\\\/\",\"margin\":\"default\",\"text_align\":\"center\"}},{\"type\":\"image\",\"props\":{\"class\":\"bg-about bg-elearn\",\"image\":\"wp-content\\\/uploads\\\/2023\\\/05\\\/bg-about.svg\",\"image_svg_color\":\"emphasis\",\"margin\":\"default\"}},{\"type\":\"text\",\"props\":{\"column_breakpoint\":\"m\",\"content\":\"\n\n<div class=\\\"uk-flex uk-flex-center\\\">\\n\n\n<div class=\\\"elearning-button elearn-page-c\\\" href=\\\"e-learning\\\">E-U\\u010cENJE<\\\/div>\\n<\\\/div>\",\"margin\":\"default\",\"text_align\":\"center\"}}]}]}]},{\"type\":\"section\",\"props\":{\"css\":\".el-section{\\n    background-color:#bfdbe7 \\n}\",\"image_position\":\"center-center\",\"padding_remove_top\":true,\"style\":\"default\",\"title_breakpoint\":\"xl\",\"title_position\":\"top-left\",\"title_rotation\":\"left\",\"vertical_align\":\"middle\",\"width\":\"default\"},\"children\":[{\"type\":\"row\",\"children\":[{\"type\":\"column\",\"props\":{\"image_position\":\"center-center\",\"media_overlay_gradient\":\"\",\"position_sticky_breakpoint\":\"m\"},\"children\":[{\"type\":\"text\",\"props\":{\"block_align\":\"center\",\"column_breakpoint\":\"m\",\"content\":\"\n\n<div class=\\\"uk-text-primary\\\">Okru\\u017eenje za e-u\\u010denje nudi projektni materijal i pru\\u017ea pristup \\u010dlanovima, mogu\\u0107nost umre\\u017eavanja itd.<\\\/div>\",\"margin\":\"default\",\"maxwidth\":\"xlarge\",\"text_align\":\"center\"}}]}]}]},{\"type\":\"section\",\"props\":{\"css\":\".el-section {\\n    background-color:#bfdbe7 !important}\",\"image_position\":\"center-center\",\"padding\":\"xlarge\",\"padding_remove_top\":false,\"style\":\"default\",\"title_breakpoint\":\"xl\",\"title_position\":\"top-left\",\"title_rotation\":\"left\",\"vertical_align\":\"middle\",\"width\":\"default\"},\"children\":[{\"type\":\"row\",\"children\":[{\"type\":\"column\",\"props\":{\"image_position\":\"center-center\",\"media_overlay_gradient\":\"\",\"position_sticky_breakpoint\":\"m\"},\"children\":[{\"type\":\"headline\",\"props\":{\"class\":\"uk-text-bold uk-text-primary\",\"content\":\"USKORO\",\"text_align\":\"center\",\"title_element\":\"h1\",\"title_style\":\"heading-medium\"}}]}]}]}],\"version\":\"3.0.31\"} --><\/p>\n","protected":false},"excerpt":{"rendered":"<p>E-U\u010cENJE Okru\u017eenje za e-u\u010denje nudi projektni materijal i pru\u017ea pristup \u010dlanovima, mogu\u0107nost umre\u017eavanja itd. USKORO<\/p>\n","protected":false},"author":1,"featured_media":0,"parent":0,"menu_order":0,"comment_status":"closed","ping_status":"closed","template":"","meta":{"_acf_changed":false,"inline_featured_image":false,"footnotes":""},"class_list":["post-1571","page","type-page","status-publish","hentry"],"acf":[],"_links":{"self":[{"href":"https:\/\/roboaquaria-project.eu\/hr\/wp-json\/wp\/v2\/pages\/1571","targetHints":{"allow":["GET"]}}],"collection":[{"href":"https:\/\/roboaquaria-project.eu\/hr\/wp-json\/wp\/v2\/pages"}],"about":[{"href":"https:\/\/roboaquaria-project.eu\/hr\/wp-json\/wp\/v2\/types\/page"}],"author":[{"embeddable":true,"href":"https:\/\/roboaquaria-project.eu\/hr\/wp-json\/wp\/v2\/users\/1"}],"replies":[{"embeddable":true,"href":"https:\/\/roboaquaria-project.eu\/hr\/wp-json\/wp\/v2\/comments?post=1571"}],"version-history":[{"count":5,"href":"https:\/\/roboaquaria-project.eu\/hr\/wp-json\/wp\/v2\/pages\/1571\/revisions"}],"predecessor-version":[{"id":1718,"href":"https:\/\/roboaquaria-project.eu\/hr\/wp-json\/wp\/v2\/pages\/1571\/revisions\/1718"}],"wp:attachment":[{"href":"https:\/\/roboaquaria-project.eu\/hr\/wp-json\/wp\/v2\/media?parent=1571"}],"curies":[{"name":"wp","href":"https:\/\/api.w.org\/{rel}","templated":true}]}}